{"id":97685,"date":"2021-06-05T17:41:19","date_gmt":"2021-06-05T21:41:19","guid":{"rendered":"https:\/\/www.avenuedesigncanada.com\/product\/byrne-nightstand\/"},"modified":"2026-02-11T15:59:17","modified_gmt":"2026-02-11T20:59:17","slug":"table-de-chevet-bryne","status":"publish","type":"product","link":"https:\/\/www.avenuedesigncanada.com\/fr\/product\/table-de-chevet-bryne\/","title":{"rendered":"Table de chevet Bryne"},"content":{"rendered":"<p><em>La table de nuit Bryne pr\u00e9sente les caract\u00e9ristiques suivantes :<\/em><br \/>\nDessus en marbre blanc lamin\u00e9<br \/>\nCadre en acier tubulaire au fini Nickel terni<br \/>\nPlacages de pin quarr\u00e9 bross\u00e9 au fil m\u00e9tallique au fini Os<br \/>\nUn compartiment ouvert<br \/>\nDeux tiroirs<\/p>\n<p>Avez-vous des questions \u00e0 propos de ce produit ? Nos designers sont l\u00e0 pour vous aider.  Appelez-nous au (514) 340-9351<\/p>\n","protected":false},"excerpt":{"rendered":"<p>Un m\u00e9lange sophistiqu\u00e9 de mat\u00e9riaux d\u00e9finit la table de nuit Bryne, combinant un plateau en marbre blanc avec un cadre en acier nickel\u00e9 terni et des placages en pin bross\u00e9 dans une finition Bone douce. Deux tiroirs et un compartiment ouvert \u00e9quilibrent la beaut\u00e9 et le rangement pratique de la table de nuit. <\/p>\n","protected":false},"featured_media":90838,"template":"","meta":{"_kad_blocks_custom_css":"","_kad_blocks_head_custom_js":"","_kad_blocks_body_custom_js":"","_kad_blocks_footer_custom_js":"","_kad_post_transparent":"","_kad_post_title":"","_kad_post_layout":"","_kad_post_sidebar_id":"","_kad_post_content_style":"","_kad_post_vertical_padding":"","_kad_post_feature":"","_kad_post_feature_position":"","_kad_post_header":false,"_kad_post_footer":false,"_kad_post_classname":""},"product_brand":[],"product_cat":[1299],"product_tag":[1844],"class_list":{"0":"post-97685","1":"product","2":"type-product","3":"status-publish","4":"has-post-thumbnail","6":"product_cat-tables-de-nuit","7":"product_tag-barcelona-cg-fr-2","9":"first","10":"instock","11":"product-type-simple","12":"entry","13":"content-bg","14":"loop-entry"},"taxonomy_info":{"product_cat":[{"value":1299,"label":"Tables de chevet"}],"product_tag":[{"value":1844,"label":"BARCELONA - CG"}]},"featured_image_src_large":["https:\/\/www.avenuedesigncanada.com\/wp-content\/uploads\/2021\/02\/bernhardt_interiors_byrne_nightstand_386-218_front.jpg",900,900,false],"author_info":[],"comment_info":"","_links":{"self":[{"href":"https:\/\/www.avenuedesigncanada.com\/fr\/wp-json\/wp\/v2\/product\/97685","targetHints":{"allow":["GET"]}}],"collection":[{"href":"https:\/\/www.avenuedesigncanada.com\/fr\/wp-json\/wp\/v2\/product"}],"about":[{"href":"https:\/\/www.avenuedesigncanada.com\/fr\/wp-json\/wp\/v2\/types\/product"}],"wp:featuredmedia":[{"embeddable":true,"href":"https:\/\/www.avenuedesigncanada.com\/fr\/wp-json\/wp\/v2\/media\/90838"}],"wp:attachment":[{"href":"https:\/\/www.avenuedesigncanada.com\/fr\/wp-json\/wp\/v2\/media?parent=97685"}],"wp:term":[{"taxonomy":"product_brand","embeddable":true,"href":"https:\/\/www.avenuedesigncanada.com\/fr\/wp-json\/wp\/v2\/product_brand?post=97685"},{"taxonomy":"product_cat","embeddable":true,"href":"https:\/\/www.avenuedesigncanada.com\/fr\/wp-json\/wp\/v2\/product_cat?post=97685"},{"taxonomy":"product_tag","embeddable":true,"href":"https:\/\/www.avenuedesigncanada.com\/fr\/wp-json\/wp\/v2\/product_tag?post=97685"}],"curies":[{"name":"wp","href":"https:\/\/api.w.org\/{rel}","templated":true}]}}