{"id":97767,"date":"2021-06-05T17:41:48","date_gmt":"2021-06-05T21:41:48","guid":{"rendered":"https:\/\/www.avenuedesigncanada.com\/product\/randolph-end-table\/"},"modified":"2026-02-11T15:59:18","modified_gmt":"2026-02-11T20:59:18","slug":"table-de-bout-randolph","status":"publish","type":"product","link":"https:\/\/www.avenuedesigncanada.com\/fr\/product\/table-de-bout-randolph\/","title":{"rendered":"Table d&rsquo;extr\u00e9mit\u00e9 Randolph"},"content":{"rendered":"<p><em>La table d&rsquo;appoint Randolph pr\u00e9sente les caract\u00e9ristiques suivantes :<\/em><br \/>\nPlateau rond en aluminium moul\u00e9<br \/>\nBase \u00e0 pi\u00e9destal \u00e9lanc\u00e9e<br \/>\nBase carr\u00e9e<br \/>\nFinition graphite<\/p>\n<p>Avez-vous des questions \u00e0 propos de ce produit ? Nos designers sont l\u00e0 pour vous aider.  Appelez-nous au (514) 340-9351<\/p>\n","protected":false},"excerpt":{"rendered":"<p>La table d&rsquo;appoint Randolph associe une base carr\u00e9e \u00e0 un pi\u00e9destal \u00e9lanc\u00e9 et \u00e0 un plateau rond en forme de tulipe classique. Fabriqu\u00e9e en fonte d&rsquo;aluminium dans une finition graphite, cette \u00e9l\u00e9gante pi\u00e8ce d&rsquo;appoint allie courbes gracieuses et formes g\u00e9om\u00e9triques en parfaite harmonie. <\/p>\n","protected":false},"featured_media":216488,"template":"","meta":{"_kad_blocks_custom_css":"","_kad_blocks_head_custom_js":"","_kad_blocks_body_custom_js":"","_kad_blocks_footer_custom_js":"","_kad_post_transparent":"","_kad_post_title":"","_kad_post_layout":"","_kad_post_sidebar_id":"","_kad_post_content_style":"","_kad_post_vertical_padding":"","_kad_post_feature":"","_kad_post_feature_position":"","_kad_post_header":false,"_kad_post_footer":false,"_kad_post_classname":""},"product_brand":[],"product_cat":[1323],"product_tag":[1844],"class_list":{"0":"post-97767","1":"product","2":"type-product","3":"status-publish","4":"has-post-thumbnail","6":"product_cat-salon-tables-dappoint","7":"product_tag-barcelona-cg-fr-2","9":"first","10":"instock","11":"product-type-simple","12":"entry","13":"content-bg","14":"loop-entry"},"taxonomy_info":{"product_cat":[{"value":1323,"label":"Tables d'appoint"}],"product_tag":[{"value":1844,"label":"BARCELONA - CG"}]},"featured_image_src_large":["https:\/\/www.avenuedesigncanada.com\/wp-content\/uploads\/2021\/06\/382122-2-1024x1024.jpg",1024,1024,true],"author_info":[],"comment_info":"","_links":{"self":[{"href":"https:\/\/www.avenuedesigncanada.com\/fr\/wp-json\/wp\/v2\/product\/97767","targetHints":{"allow":["GET"]}}],"collection":[{"href":"https:\/\/www.avenuedesigncanada.com\/fr\/wp-json\/wp\/v2\/product"}],"about":[{"href":"https:\/\/www.avenuedesigncanada.com\/fr\/wp-json\/wp\/v2\/types\/product"}],"wp:featuredmedia":[{"embeddable":true,"href":"https:\/\/www.avenuedesigncanada.com\/fr\/wp-json\/wp\/v2\/media\/216488"}],"wp:attachment":[{"href":"https:\/\/www.avenuedesigncanada.com\/fr\/wp-json\/wp\/v2\/media?parent=97767"}],"wp:term":[{"taxonomy":"product_brand","embeddable":true,"href":"https:\/\/www.avenuedesigncanada.com\/fr\/wp-json\/wp\/v2\/product_brand?post=97767"},{"taxonomy":"product_cat","embeddable":true,"href":"https:\/\/www.avenuedesigncanada.com\/fr\/wp-json\/wp\/v2\/product_cat?post=97767"},{"taxonomy":"product_tag","embeddable":true,"href":"https:\/\/www.avenuedesigncanada.com\/fr\/wp-json\/wp\/v2\/product_tag?post=97767"}],"curies":[{"name":"wp","href":"https:\/\/api.w.org\/{rel}","templated":true}]}}