{"id":97769,"date":"2022-01-05T21:41:48","date_gmt":"2022-01-06T02:41:48","guid":{"rendered":"https:\/\/www.avenuedesigncanada.com\/product\/modulaire-cypress\/"},"modified":"2026-02-11T15:59:18","modified_gmt":"2026-02-11T20:59:18","slug":"modulaire-cypress","status":"publish","type":"product","link":"https:\/\/www.avenuedesigncanada.com\/fr\/product\/modulaire-cypress\/","title":{"rendered":"Sectionnel Cypress"},"content":{"rendered":"<p><em>Caract\u00e9ristiques du canap\u00e9 modulable Cypress :<\/em><\/p>\n<p>Des coussins de dossier en Poly\/Duvet<\/p>\n<p>Des coussins d\u2019assise en mousse avec housse de duvet<\/p>\n<p>Des pattes en bois<\/p>\n<p>Une structure en bois massif<\/p>\n<p>Fait au Canada<\/p>\n<p>Options:<\/p>\n<p>Disponible en diff\u00e9rents tissus ou cuirs<\/p>\n<p>Disponible en diff\u00e9rents finis de bois<\/p>\n<p>Disponible en diff\u00e9rentes configurations, ainsi qu&rsquo;en causeuse, sofa et fauteuil<\/p>\n<p>Avez-vous des questions \u00e0 propos de ce produit ?<\/p>\n<p>Nos designers sont l\u00e0 pour vous aider. Appelez-nous au (514) 340-9351<\/p>\n","protected":false},"excerpt":{"rendered":"<p>Le canap\u00e9 d&rsquo;angle Cypress offre un \u00e9quilibre parfait entre confort, savoir-faire artisanal et design intemporel. Dot\u00e9 de coussins de dossier rembourr\u00e9s de poly\/duvet et de coussins d&rsquo;assise \u00e0 \u00e2me en mousse envelopp\u00e9s d&rsquo;un m\u00e9lange de duvet doux, il offre une exp\u00e9rience d&rsquo;assise luxueuse et une durabilit\u00e9 au quotidien. Pos\u00e9 sur une base en bois magnifiquement finie et construit avec un cadre en bois massif, ce canap\u00e9 d&rsquo;angle fabriqu\u00e9 au Canada refl\u00e8te une qualit\u00e9 que vous pouvez sentir. Le canap\u00e9 d&rsquo;angle Cypress apporte chaleur, \u00e9l\u00e9gance et confort exceptionnel \u00e0 tout espace de vie.<\/p>\n","protected":false},"featured_media":410907,"template":"","meta":{"_kad_blocks_custom_css":"","_kad_blocks_head_custom_js":"","_kad_blocks_body_custom_js":"","_kad_blocks_footer_custom_js":"","_kad_post_transparent":"default","_kad_post_title":"","_kad_post_layout":"default","_kad_post_sidebar_id":"","_kad_post_content_style":"default","_kad_post_vertical_padding":"default","_kad_post_feature":"","_kad_post_feature_position":"","_kad_post_header":false,"_kad_post_footer":false,"_kad_post_classname":""},"product_brand":[],"product_cat":[1324,1967],"product_tag":[1371],"class_list":{"0":"post-97769","1":"product","2":"type-product","3":"status-publish","4":"has-post-thumbnail","6":"product_cat-meubles-modulaires","7":"product_cat-modulaire-sur-mesure","8":"product_tag-hkhaju-fr","10":"first","11":"instock","12":"product-type-simple","13":"entry","14":"content-bg","15":"loop-entry"},"taxonomy_info":{"product_cat":[{"value":1324,"label":"Meubles modulaires"},{"value":1967,"label":"modulaire sur mesure"}],"product_tag":[{"value":1371,"label":"HKHAJU"}]},"featured_image_src_large":["https:\/\/www.avenuedesigncanada.com\/wp-content\/uploads\/2022\/01\/Cypress-1024x1024.png",1024,1024,true],"author_info":[],"comment_info":"","_links":{"self":[{"href":"https:\/\/www.avenuedesigncanada.com\/fr\/wp-json\/wp\/v2\/product\/97769","targetHints":{"allow":["GET"]}}],"collection":[{"href":"https:\/\/www.avenuedesigncanada.com\/fr\/wp-json\/wp\/v2\/product"}],"about":[{"href":"https:\/\/www.avenuedesigncanada.com\/fr\/wp-json\/wp\/v2\/types\/product"}],"wp:featuredmedia":[{"embeddable":true,"href":"https:\/\/www.avenuedesigncanada.com\/fr\/wp-json\/wp\/v2\/media\/410907"}],"wp:attachment":[{"href":"https:\/\/www.avenuedesigncanada.com\/fr\/wp-json\/wp\/v2\/media?parent=97769"}],"wp:term":[{"taxonomy":"product_brand","embeddable":true,"href":"https:\/\/www.avenuedesigncanada.com\/fr\/wp-json\/wp\/v2\/product_brand?post=97769"},{"taxonomy":"product_cat","embeddable":true,"href":"https:\/\/www.avenuedesigncanada.com\/fr\/wp-json\/wp\/v2\/product_cat?post=97769"},{"taxonomy":"product_tag","embeddable":true,"href":"https:\/\/www.avenuedesigncanada.com\/fr\/wp-json\/wp\/v2\/product_tag?post=97769"}],"curies":[{"name":"wp","href":"https:\/\/api.w.org\/{rel}","templated":true}]}}