{"id":97789,"date":"2021-06-05T21:41:59","date_gmt":"2021-06-06T01:41:59","guid":{"rendered":"https:\/\/www.avenuedesigncanada.com\/product\/axis-6-drawer-chest\/"},"modified":"2026-02-11T15:59:19","modified_gmt":"2026-02-11T20:59:19","slug":"axis-6-drawer-chest","status":"publish","type":"product","link":"https:\/\/www.avenuedesigncanada.com\/fr\/product\/axis-6-drawer-chest\/","title":{"rendered":"Axis 6-Drawer Chest"},"content":{"rendered":"<p><em>La commode Axis \u00e0 6 tiroirs pr\u00e9sente les caract\u00e9ristiques suivantes :<\/em><br \/>\nSix tiroirs avec quincaillerie en bronze blanc et accents en composite de luxe.<\/p>\n<p>Options :<br \/>\nDisponible en teinture, peinture, peinture m\u00e9tallis\u00e9e, artisan, MIY, et finitions premium leaf.<\/p>\n<p>Avez-vous des questions sur ce produit ?<br \/>\nNos designers sont l\u00e0 pour vous aider.<br \/>\nAppelez-nous au (514) 340-9351.<\/p>\n","protected":false},"excerpt":{"rendered":"<p>La commode \u00e0 six tiroirs Axis est une pi\u00e8ce d&rsquo;importance dans toute chambre \u00e0 coucher. Elle offre une nouvelle approche du design classique du milieu du si\u00e8cle dernier et de l&rsquo;Art d\u00e9co. Sa pr\u00e9sence forte et lin\u00e9aire est compl\u00e9t\u00e9e par une finition \u00e9l\u00e9gante et une quincaillerie en bronze blanc. <\/p>\n","protected":false},"featured_media":165963,"template":"","meta":{"_kad_blocks_custom_css":"","_kad_blocks_head_custom_js":"","_kad_blocks_body_custom_js":"","_kad_blocks_footer_custom_js":"","_kad_post_transparent":"","_kad_post_title":"","_kad_post_layout":"","_kad_post_sidebar_id":"","_kad_post_content_style":"","_kad_post_vertical_padding":"","_kad_post_feature":"","_kad_post_feature_position":"","_kad_post_header":false,"_kad_post_footer":false,"_kad_post_classname":""},"product_brand":[],"product_cat":[1298],"product_tag":[1369],"class_list":{"0":"post-97789","1":"product","2":"type-product","3":"status-publish","4":"has-post-thumbnail","6":"product_cat-commodes","7":"product_tag-theodore-fr","9":"first","10":"instock","11":"product-type-simple","12":"entry","13":"content-bg","14":"loop-entry"},"taxonomy_info":{"product_cat":[{"value":1298,"label":"Commodes"}],"product_tag":[{"value":1369,"label":"THEODORE"}]},"featured_image_src_large":["https:\/\/www.avenuedesigncanada.com\/wp-content\/uploads\/2021\/06\/L100D-SP-HO-2-1024x1024.jpg",1024,1024,true],"author_info":[],"comment_info":"","_links":{"self":[{"href":"https:\/\/www.avenuedesigncanada.com\/fr\/wp-json\/wp\/v2\/product\/97789","targetHints":{"allow":["GET"]}}],"collection":[{"href":"https:\/\/www.avenuedesigncanada.com\/fr\/wp-json\/wp\/v2\/product"}],"about":[{"href":"https:\/\/www.avenuedesigncanada.com\/fr\/wp-json\/wp\/v2\/types\/product"}],"wp:featuredmedia":[{"embeddable":true,"href":"https:\/\/www.avenuedesigncanada.com\/fr\/wp-json\/wp\/v2\/media\/165963"}],"wp:attachment":[{"href":"https:\/\/www.avenuedesigncanada.com\/fr\/wp-json\/wp\/v2\/media?parent=97789"}],"wp:term":[{"taxonomy":"product_brand","embeddable":true,"href":"https:\/\/www.avenuedesigncanada.com\/fr\/wp-json\/wp\/v2\/product_brand?post=97789"},{"taxonomy":"product_cat","embeddable":true,"href":"https:\/\/www.avenuedesigncanada.com\/fr\/wp-json\/wp\/v2\/product_cat?post=97789"},{"taxonomy":"product_tag","embeddable":true,"href":"https:\/\/www.avenuedesigncanada.com\/fr\/wp-json\/wp\/v2\/product_tag?post=97789"}],"curies":[{"name":"wp","href":"https:\/\/api.w.org\/{rel}","templated":true}]}}