{"id":97791,"date":"2021-06-05T17:41:59","date_gmt":"2021-06-05T21:41:59","guid":{"rendered":"https:\/\/www.avenuedesigncanada.com\/product\/axis-3-drawer-chest\/"},"modified":"2026-02-11T15:59:19","modified_gmt":"2026-02-11T20:59:19","slug":"axis-3-drawer-chest","status":"publish","type":"product","link":"https:\/\/www.avenuedesigncanada.com\/fr\/product\/axis-3-drawer-chest\/","title":{"rendered":"Coffre \u00e0 3 tiroirs Axis"},"content":{"rendered":"<p><em>La commode Axis \u00e0 trois t<\/em>iroirs <em>pr\u00e9sente les caract\u00e9ristiques suivantes :<\/em><br \/>\nTrois tiroirs avec quincaillerie en bronze blanc<br \/>\nSolides et placages en fr\u00eane<br \/>\nAccents en composite de luxe<br \/>\nOptions :<br \/>\nTeinture, peinture, peinture m\u00e9tallis\u00e9e, Artisan, MIY, Premium Leaf<\/p>\n<p>Avez-vous des questions \u00e0 propos de ce produit ? Nos designers sont l\u00e0 pour vous aider.  Appelez-nous au (514) 340-9351<\/p>\n","protected":false},"excerpt":{"rendered":"<p>Parfaitement proportionn\u00e9e \u00e0 tous points de vue, la commode \u00e0 trois tiroirs Axis est la pi\u00e8ce id\u00e9ale pour une chambre \u00e0 coucher bien con\u00e7ue. Lorsque vous avez besoin d&rsquo;un rangement \u00e9l\u00e9gant pour vos v\u00eatements, il n&rsquo;y a pas de meilleur choix que cette commode d&rsquo;inspiration classique. Vous adorerez sa beaut\u00e9 intemporelle dans n&rsquo;importe quelle finition et sa quincaillerie en bronze blanc.  <\/p>\n","protected":false},"featured_media":91052,"template":"","meta":{"_kad_blocks_custom_css":"","_kad_blocks_head_custom_js":"","_kad_blocks_body_custom_js":"","_kad_blocks_footer_custom_js":"","_kad_post_transparent":"","_kad_post_title":"","_kad_post_layout":"","_kad_post_sidebar_id":"","_kad_post_content_style":"","_kad_post_vertical_padding":"","_kad_post_feature":"","_kad_post_feature_position":"","_kad_post_header":false,"_kad_post_footer":false,"_kad_post_classname":""},"product_brand":[],"product_cat":[1299],"product_tag":[1369],"class_list":{"0":"post-97791","1":"product","2":"type-product","3":"status-publish","4":"has-post-thumbnail","6":"product_cat-tables-de-nuit","7":"product_tag-theodore-fr","9":"first","10":"instock","11":"product-type-simple","12":"entry","13":"content-bg","14":"loop-entry"},"taxonomy_info":{"product_cat":[{"value":1299,"label":"Tables de chevet"}],"product_tag":[{"value":1369,"label":"THEODORE"}]},"featured_image_src_large":["https:\/\/www.avenuedesigncanada.com\/wp-content\/uploads\/2021\/02\/L100H-UG-HO-2.jpg",700,700,false],"author_info":[],"comment_info":"","_links":{"self":[{"href":"https:\/\/www.avenuedesigncanada.com\/fr\/wp-json\/wp\/v2\/product\/97791","targetHints":{"allow":["GET"]}}],"collection":[{"href":"https:\/\/www.avenuedesigncanada.com\/fr\/wp-json\/wp\/v2\/product"}],"about":[{"href":"https:\/\/www.avenuedesigncanada.com\/fr\/wp-json\/wp\/v2\/types\/product"}],"wp:featuredmedia":[{"embeddable":true,"href":"https:\/\/www.avenuedesigncanada.com\/fr\/wp-json\/wp\/v2\/media\/91052"}],"wp:attachment":[{"href":"https:\/\/www.avenuedesigncanada.com\/fr\/wp-json\/wp\/v2\/media?parent=97791"}],"wp:term":[{"taxonomy":"product_brand","embeddable":true,"href":"https:\/\/www.avenuedesigncanada.com\/fr\/wp-json\/wp\/v2\/product_brand?post=97791"},{"taxonomy":"product_cat","embeddable":true,"href":"https:\/\/www.avenuedesigncanada.com\/fr\/wp-json\/wp\/v2\/product_cat?post=97791"},{"taxonomy":"product_tag","embeddable":true,"href":"https:\/\/www.avenuedesigncanada.com\/fr\/wp-json\/wp\/v2\/product_tag?post=97791"}],"curies":[{"name":"wp","href":"https:\/\/api.w.org\/{rel}","templated":true}]}}