{"id":97796,"date":"2021-06-05T17:41:59","date_gmt":"2021-06-05T21:41:59","guid":{"rendered":"https:\/\/www.avenuedesigncanada.com\/product\/axis-rectangular-cocktail-table\/"},"modified":"2026-02-16T14:11:02","modified_gmt":"2026-02-16T19:11:02","slug":"axis-rectangular-cocktail-table","status":"publish","type":"product","link":"https:\/\/www.avenuedesigncanada.com\/fr\/product\/axis-rectangular-cocktail-table\/","title":{"rendered":"Axis Rectangular Cocktail Table"},"content":{"rendered":"<p><em>La table cocktail rectangulaire Axis pr\u00e9sente les caract\u00e9ristiques suivantes :<\/em><\/p>\n<p>Tablette sup\u00e9rieure et inf\u00e9rieure en bois<br \/>\nBois massif et placage de fr\u00eane<br \/>\nMontants en composite de luxe<br \/>\nOptions de teinture, peinture, peinture m\u00e9tallis\u00e9e, Artisan, MIY, Premium Leaf<\/p>\n<p>Vous avez des questions sur ce produit ? Nos concepteurs sont l\u00e0 pour vous aider. Appelez-nous au (514) 340-9351  <\/p>\n","protected":false},"excerpt":{"rendered":"<p>D&rsquo;inspiration architecturale, la table cocktail rectangulaire Axis fait un clin d&rsquo;\u0153il \u00e0 ses origines modernes du milieu du si\u00e8cle et au design Art d\u00e9co. Parfaite au centre de tout espace de vie, cette table classique est d&rsquo;une beaut\u00e9 discr\u00e8te. Une finition raffin\u00e9e met en valeur ses lignes \u00e9pur\u00e9es et sa pr\u00e9sence sophistiqu\u00e9e  <\/p>\n","protected":false},"featured_media":217645,"template":"","meta":{"_kad_blocks_custom_css":"","_kad_blocks_head_custom_js":"","_kad_blocks_body_custom_js":"","_kad_blocks_footer_custom_js":"","_kad_post_transparent":"","_kad_post_title":"","_kad_post_layout":"","_kad_post_sidebar_id":"","_kad_post_content_style":"","_kad_post_vertical_padding":"","_kad_post_feature":"","_kad_post_feature_position":"","_kad_post_header":false,"_kad_post_footer":false,"_kad_post_classname":""},"product_brand":[],"product_cat":[1327],"product_tag":[1369],"class_list":{"0":"post-97796","1":"product","2":"type-product","3":"status-publish","4":"has-post-thumbnail","6":"product_cat-salon-tables-a-cafe","7":"product_tag-theodore-fr","9":"first","10":"instock","11":"product-type-simple","12":"entry","13":"content-bg","14":"loop-entry"},"taxonomy_info":{"product_cat":[{"value":1327,"label":"Tables \u00e0 caf\u00e9"}],"product_tag":[{"value":1369,"label":"THEODORE"}]},"featured_image_src_large":["https:\/\/www.avenuedesigncanada.com\/wp-content\/uploads\/2021\/06\/L101CR-MM-HO-2-1024x1024.jpg",1024,1024,true],"author_info":[],"comment_info":"","_links":{"self":[{"href":"https:\/\/www.avenuedesigncanada.com\/fr\/wp-json\/wp\/v2\/product\/97796","targetHints":{"allow":["GET"]}}],"collection":[{"href":"https:\/\/www.avenuedesigncanada.com\/fr\/wp-json\/wp\/v2\/product"}],"about":[{"href":"https:\/\/www.avenuedesigncanada.com\/fr\/wp-json\/wp\/v2\/types\/product"}],"wp:featuredmedia":[{"embeddable":true,"href":"https:\/\/www.avenuedesigncanada.com\/fr\/wp-json\/wp\/v2\/media\/217645"}],"wp:attachment":[{"href":"https:\/\/www.avenuedesigncanada.com\/fr\/wp-json\/wp\/v2\/media?parent=97796"}],"wp:term":[{"taxonomy":"product_brand","embeddable":true,"href":"https:\/\/www.avenuedesigncanada.com\/fr\/wp-json\/wp\/v2\/product_brand?post=97796"},{"taxonomy":"product_cat","embeddable":true,"href":"https:\/\/www.avenuedesigncanada.com\/fr\/wp-json\/wp\/v2\/product_cat?post=97796"},{"taxonomy":"product_tag","embeddable":true,"href":"https:\/\/www.avenuedesigncanada.com\/fr\/wp-json\/wp\/v2\/product_tag?post=97796"}],"curies":[{"name":"wp","href":"https:\/\/api.w.org\/{rel}","templated":true}]}}