{"id":97800,"date":"2021-06-05T17:41:59","date_gmt":"2021-06-05T21:41:59","guid":{"rendered":"https:\/\/www.avenuedesigncanada.com\/product\/sofa-sloane\/"},"modified":"2026-02-11T15:59:20","modified_gmt":"2026-02-11T20:59:20","slug":"canape-sloane","status":"publish","type":"product","link":"https:\/\/www.avenuedesigncanada.com\/fr\/product\/canape-sloane\/","title":{"rendered":"Sloane Sofa"},"content":{"rendered":"<p><em>Le canap\u00e9 Sloane pr\u00e9sente les caract\u00e9ristiques suivantes :<\/em><\/p>\n<p>Coussins de dossier en poly\/duvet<br \/>\nCoussins d&rsquo;assise en mousse\/duvet<br \/>\nBase en bois<br \/>\nStructure en bois dur<br \/>\nFabriqu\u00e9 au Canada<\/p>\n<p>Options :<br \/>\nChoix du tissu ou du cuir<br \/>\nChoix de la couleur du bois<br \/>\n\u00c9galement disponible comme canap\u00e9 d&rsquo;appartement, si\u00e8ge d&rsquo;amour ou chaise<\/p>\n<p>Vous avez des questions sur ce produit ?<br \/>\nNos concepteurs sont l\u00e0 pour vous aider.<br \/>\nAppelez-nous au (514) 340-9351<\/p>\n","protected":false},"excerpt":{"rendered":"<p>Le canap\u00e9 Sloane offre des coussins de dossier remplis de poly\/duvet, des coussins d&rsquo;assise en mousse et en m\u00e9lange de duvet, et un cadre en bois dur avec une base en bois raffin\u00e9e. Fabriqu\u00e9 au Canada et disponible en tissu ou en cuir, il est \u00e9galement propos\u00e9 en tant que canap\u00e9 d&rsquo;appartement, causeuse ou chaise.   <\/p>\n","protected":false},"featured_media":215629,"template":"","meta":{"_kad_blocks_custom_css":"","_kad_blocks_head_custom_js":"","_kad_blocks_body_custom_js":"","_kad_blocks_footer_custom_js":"","_kad_post_transparent":"","_kad_post_title":"","_kad_post_layout":"","_kad_post_sidebar_id":"","_kad_post_content_style":"","_kad_post_vertical_padding":"","_kad_post_feature":"","_kad_post_feature_position":"","_kad_post_header":false,"_kad_post_footer":false,"_kad_post_classname":""},"product_brand":[],"product_cat":[1966,1331],"product_tag":[1371],"class_list":{"0":"post-97800","1":"product","2":"type-product","3":"status-publish","4":"has-post-thumbnail","6":"product_cat-canape-sur-mesure","7":"product_cat-canapes-haut-de-gamme","8":"product_tag-hkhaju-fr","10":"first","11":"instock","12":"product-type-simple","13":"entry","14":"content-bg","15":"loop-entry"},"taxonomy_info":{"product_cat":[{"value":1966,"label":"Canap\u00e9 sur mesure"},{"value":1331,"label":"Canap\u00e9s"}],"product_tag":[{"value":1371,"label":"HKHAJU"}]},"featured_image_src_large":["https:\/\/www.avenuedesigncanada.com\/wp-content\/uploads\/2021\/06\/Sloane-Front-1280x601-2-1024x1024.jpg",1024,1024,true],"author_info":[],"comment_info":"","_links":{"self":[{"href":"https:\/\/www.avenuedesigncanada.com\/fr\/wp-json\/wp\/v2\/product\/97800","targetHints":{"allow":["GET"]}}],"collection":[{"href":"https:\/\/www.avenuedesigncanada.com\/fr\/wp-json\/wp\/v2\/product"}],"about":[{"href":"https:\/\/www.avenuedesigncanada.com\/fr\/wp-json\/wp\/v2\/types\/product"}],"wp:featuredmedia":[{"embeddable":true,"href":"https:\/\/www.avenuedesigncanada.com\/fr\/wp-json\/wp\/v2\/media\/215629"}],"wp:attachment":[{"href":"https:\/\/www.avenuedesigncanada.com\/fr\/wp-json\/wp\/v2\/media?parent=97800"}],"wp:term":[{"taxonomy":"product_brand","embeddable":true,"href":"https:\/\/www.avenuedesigncanada.com\/fr\/wp-json\/wp\/v2\/product_brand?post=97800"},{"taxonomy":"product_cat","embeddable":true,"href":"https:\/\/www.avenuedesigncanada.com\/fr\/wp-json\/wp\/v2\/product_cat?post=97800"},{"taxonomy":"product_tag","embeddable":true,"href":"https:\/\/www.avenuedesigncanada.com\/fr\/wp-json\/wp\/v2\/product_tag?post=97800"}],"curies":[{"name":"wp","href":"https:\/\/api.w.org\/{rel}","templated":true}]}}