{"id":97808,"date":"2021-06-05T21:41:59","date_gmt":"2021-06-06T01:41:59","guid":{"rendered":"https:\/\/www.avenuedesigncanada.com\/product\/sofa-dream\/"},"modified":"2026-02-11T15:59:21","modified_gmt":"2026-02-11T20:59:21","slug":"sofa-dream","status":"publish","type":"product","link":"https:\/\/www.avenuedesigncanada.com\/fr\/product\/sofa-dream\/","title":{"rendered":"Dream Sofa"},"content":{"rendered":"<p><em>Le canap\u00e9 Dream pr\u00e9sente les caract\u00e9ristiques suivantes :<\/em><\/p>\n<p>Coussins de dossier et d&rsquo;assise garnis de duvet<br \/>\nPieds en bois<br \/>\nStructure en bois dur<br \/>\nFabrication canadienne<\/p>\n<p>Options :<br \/>\nDisponible en plusieurs tissus ou cuirs<br \/>\nDisponible en plusieurs couleurs de bois<br \/>\nDisponible en plusieurs configurations, ainsi qu&rsquo;en love seat ou en fauteuil<\/p>\n<p>Avez-vous des questions sur ce produit ?<br \/>\nNos designers sont l\u00e0 pour vous aider.<br \/>\nAppelez-nous au (514) 340-9351<\/p>\n","protected":false},"excerpt":{"rendered":"<p>Le canap\u00e9 Dream est le plus doux de la collection, avec des coussins de dossier et d&rsquo;assise remplis de duvet pour un confort exceptionnel. Fabriqu\u00e9 au Canada avec un cadre en bois dur et des pieds en bois, il est disponible en plusieurs tissus, finitions de bois et configurations, y compris la causeuse et la chaise.   <\/p>\n","protected":false},"featured_media":215241,"template":"","meta":{"_kad_blocks_custom_css":"","_kad_blocks_head_custom_js":"","_kad_blocks_body_custom_js":"","_kad_blocks_footer_custom_js":"","_kad_post_transparent":"","_kad_post_title":"","_kad_post_layout":"","_kad_post_sidebar_id":"","_kad_post_content_style":"","_kad_post_vertical_padding":"","_kad_post_feature":"","_kad_post_feature_position":"","_kad_post_header":false,"_kad_post_footer":false,"_kad_post_classname":""},"product_brand":[],"product_cat":[1966,1331],"product_tag":[1371],"class_list":{"0":"post-97808","1":"product","2":"type-product","3":"status-publish","4":"has-post-thumbnail","6":"product_cat-canape-sur-mesure","7":"product_cat-canapes-haut-de-gamme","8":"product_tag-hkhaju-fr","10":"first","11":"instock","12":"product-type-simple","13":"entry","14":"content-bg","15":"loop-entry"},"taxonomy_info":{"product_cat":[{"value":1966,"label":"Canap\u00e9 sur mesure"},{"value":1331,"label":"Canap\u00e9s"}],"product_tag":[{"value":1371,"label":"HKHAJU"}]},"featured_image_src_large":["https:\/\/www.avenuedesigncanada.com\/wp-content\/uploads\/2021\/06\/Dream-Front-1280x630-2-1024x1024.jpg",1024,1024,true],"author_info":[],"comment_info":"","_links":{"self":[{"href":"https:\/\/www.avenuedesigncanada.com\/fr\/wp-json\/wp\/v2\/product\/97808","targetHints":{"allow":["GET"]}}],"collection":[{"href":"https:\/\/www.avenuedesigncanada.com\/fr\/wp-json\/wp\/v2\/product"}],"about":[{"href":"https:\/\/www.avenuedesigncanada.com\/fr\/wp-json\/wp\/v2\/types\/product"}],"wp:featuredmedia":[{"embeddable":true,"href":"https:\/\/www.avenuedesigncanada.com\/fr\/wp-json\/wp\/v2\/media\/215241"}],"wp:attachment":[{"href":"https:\/\/www.avenuedesigncanada.com\/fr\/wp-json\/wp\/v2\/media?parent=97808"}],"wp:term":[{"taxonomy":"product_brand","embeddable":true,"href":"https:\/\/www.avenuedesigncanada.com\/fr\/wp-json\/wp\/v2\/product_brand?post=97808"},{"taxonomy":"product_cat","embeddable":true,"href":"https:\/\/www.avenuedesigncanada.com\/fr\/wp-json\/wp\/v2\/product_cat?post=97808"},{"taxonomy":"product_tag","embeddable":true,"href":"https:\/\/www.avenuedesigncanada.com\/fr\/wp-json\/wp\/v2\/product_tag?post=97808"}],"curies":[{"name":"wp","href":"https:\/\/api.w.org\/{rel}","templated":true}]}}