{"id":97810,"date":"2021-06-05T17:41:59","date_gmt":"2021-06-05T21:41:59","guid":{"rendered":"https:\/\/www.avenuedesigncanada.com\/product\/sofa-arcadia\/"},"modified":"2026-02-11T15:59:21","modified_gmt":"2026-02-11T20:59:21","slug":"canape-arcadia","status":"publish","type":"product","link":"https:\/\/www.avenuedesigncanada.com\/fr\/product\/canape-arcadia\/","title":{"rendered":"Arcadia Sofa"},"content":{"rendered":"<p><em>Le canap\u00e9 Arcadia pr\u00e9sente les caract\u00e9ristiques suivantes :<\/em><\/p>\n<p>Coussins de dossier remplis de poly\/duvet<br \/>\nCoussins d&rsquo;assise en mousse\/duvet<br \/>\nPieds et panneaux lat\u00e9raux en bois<br \/>\nStructure en bois dur<br \/>\nFabriqu\u00e9 au Canada<\/p>\n<p>Le style Arcadia offre un look moderne et \u00e9pur\u00e9 avec une magnifique incrustation de bois sur les accoudoirs ext\u00e9rieurs.<\/p>\n<p>Options :<br \/>\nChoix de tissu ou de cuir<\/p>\n<p>Vous avez des questions sur ce produit ?<br \/>\nNos concepteurs sont l\u00e0 pour vous aider.<br \/>\nAppelez-nous au (514) 340-9351<\/p>\n","protected":false},"excerpt":{"rendered":"<p>Le canap\u00e9 Arcadia est dot\u00e9 de coussins de dossier en poly\/duvet, de coussins d&rsquo;assise en mousse\/m\u00e9lange de duvet et d&rsquo;un cadre en bois dur avec des pieds et des panneaux lat\u00e9raux en bois. Son design \u00e9pur\u00e9 et moderne est accentu\u00e9 par de magnifiques incrustations de bois sur les accoudoirs. Fabriqu\u00e9 au Canada et disponible en tissu ou en cuir.    <\/p>\n","protected":false},"featured_media":410877,"template":"","meta":{"_kad_blocks_custom_css":"","_kad_blocks_head_custom_js":"","_kad_blocks_body_custom_js":"","_kad_blocks_footer_custom_js":"","_kad_post_transparent":"","_kad_post_title":"","_kad_post_layout":"","_kad_post_sidebar_id":"","_kad_post_content_style":"","_kad_post_vertical_padding":"","_kad_post_feature":"","_kad_post_feature_position":"","_kad_post_header":false,"_kad_post_footer":false,"_kad_post_classname":""},"product_brand":[],"product_cat":[1966,1331],"product_tag":[1371],"class_list":{"0":"post-97810","1":"product","2":"type-product","3":"status-publish","4":"has-post-thumbnail","6":"product_cat-canape-sur-mesure","7":"product_cat-canapes-haut-de-gamme","8":"product_tag-hkhaju-fr","10":"first","11":"instock","12":"product-type-simple","13":"entry","14":"content-bg","15":"loop-entry"},"taxonomy_info":{"product_cat":[{"value":1966,"label":"Canap\u00e9 sur mesure"},{"value":1331,"label":"Canap\u00e9s"}],"product_tag":[{"value":1371,"label":"HKHAJU"}]},"featured_image_src_large":["https:\/\/www.avenuedesigncanada.com\/wp-content\/uploads\/2021\/06\/Arcadia-1-1024x1024.png",1024,1024,true],"author_info":[],"comment_info":"","_links":{"self":[{"href":"https:\/\/www.avenuedesigncanada.com\/fr\/wp-json\/wp\/v2\/product\/97810","targetHints":{"allow":["GET"]}}],"collection":[{"href":"https:\/\/www.avenuedesigncanada.com\/fr\/wp-json\/wp\/v2\/product"}],"about":[{"href":"https:\/\/www.avenuedesigncanada.com\/fr\/wp-json\/wp\/v2\/types\/product"}],"wp:featuredmedia":[{"embeddable":true,"href":"https:\/\/www.avenuedesigncanada.com\/fr\/wp-json\/wp\/v2\/media\/410877"}],"wp:attachment":[{"href":"https:\/\/www.avenuedesigncanada.com\/fr\/wp-json\/wp\/v2\/media?parent=97810"}],"wp:term":[{"taxonomy":"product_brand","embeddable":true,"href":"https:\/\/www.avenuedesigncanada.com\/fr\/wp-json\/wp\/v2\/product_brand?post=97810"},{"taxonomy":"product_cat","embeddable":true,"href":"https:\/\/www.avenuedesigncanada.com\/fr\/wp-json\/wp\/v2\/product_cat?post=97810"},{"taxonomy":"product_tag","embeddable":true,"href":"https:\/\/www.avenuedesigncanada.com\/fr\/wp-json\/wp\/v2\/product_tag?post=97810"}],"curies":[{"name":"wp","href":"https:\/\/api.w.org\/{rel}","templated":true}]}}