{"id":97824,"date":"2022-03-02T11:00:59","date_gmt":"2022-03-02T16:00:59","guid":{"rendered":"https:\/\/www.avenuedesigncanada.com\/product\/marcel-buffet\/"},"modified":"2026-02-11T15:59:22","modified_gmt":"2026-02-11T20:59:22","slug":"marcel-buffet","status":"publish","type":"product","link":"https:\/\/www.avenuedesigncanada.com\/fr\/product\/marcel-buffet\/","title":{"rendered":"Buffet Parkhurst"},"content":{"rendered":"<p><em>Le buffet Parkhurst pr\u00e9sente les caract\u00e9ristiques suivantes :<\/em><br \/>\n\u00c9rable massif et placages Primavera<br \/>\nAccents et quincaillerie en bronze antique<br \/>\nQuatre portes<br \/>\nUn tiroir avec doublure en feutre noir<br \/>\nUne \u00e9tag\u00e8re r\u00e9glable derri\u00e8re chaque porte<br \/>\nCon\u00e7u pour la gestion des fils<br \/>\nOptions de finitions personnalis\u00e9es disponibles<\/p>\n<p>Vous avez des questions sur ce produit ? Nos concepteurs sont l\u00e0 pour vous aider. Appelez-nous au (514) 340-9351  <\/p>\n","protected":false},"excerpt":{"rendered":"<p>Fabriqu\u00e9 en \u00e9rable massif et placages Primavera, le buffet Parkhurst pr\u00e9sente des accents et des ferrures en bronze antique pour une esth\u00e9tique raffin\u00e9e et classique. Quatre portes dissimulent des \u00e9tag\u00e8res r\u00e9glables, tandis qu&rsquo;un tiroir avec doublure en feutre noir ajoute de la fonctionnalit\u00e9. Con\u00e7u pour g\u00e9rer les fils et disponible dans des finitions personnalis\u00e9es, ce buffet est \u00e0 la fois \u00e9l\u00e9gant et polyvalent pour les salles \u00e0 manger modernes.  <\/p>\n","protected":false},"featured_media":142188,"template":"","meta":{"_kad_blocks_custom_css":"","_kad_blocks_head_custom_js":"","_kad_blocks_body_custom_js":"","_kad_blocks_footer_custom_js":"","_kad_post_transparent":"","_kad_post_title":"","_kad_post_layout":"","_kad_post_sidebar_id":"","_kad_post_content_style":"","_kad_post_vertical_padding":"","_kad_post_feature":"","_kad_post_feature_position":"","_kad_post_header":false,"_kad_post_footer":false,"_kad_post_classname":""},"product_brand":[],"product_cat":[1303],"product_tag":[1369],"class_list":{"0":"post-97824","1":"product","2":"type-product","3":"status-publish","4":"has-post-thumbnail","6":"product_cat-buffets","7":"product_tag-theodore-fr","9":"first","10":"instock","11":"product-type-simple","12":"entry","13":"content-bg","14":"loop-entry"},"taxonomy_info":{"product_cat":[{"value":1303,"label":"Buffets"}],"product_tag":[{"value":1369,"label":"THEODORE"}]},"featured_image_src_large":["https:\/\/www.avenuedesigncanada.com\/wp-content\/uploads\/2022\/03\/P812B-CB_HO_White-Bronze-2-1024x1024.jpg",1024,1024,true],"author_info":[],"comment_info":"","_links":{"self":[{"href":"https:\/\/www.avenuedesigncanada.com\/fr\/wp-json\/wp\/v2\/product\/97824","targetHints":{"allow":["GET"]}}],"collection":[{"href":"https:\/\/www.avenuedesigncanada.com\/fr\/wp-json\/wp\/v2\/product"}],"about":[{"href":"https:\/\/www.avenuedesigncanada.com\/fr\/wp-json\/wp\/v2\/types\/product"}],"wp:featuredmedia":[{"embeddable":true,"href":"https:\/\/www.avenuedesigncanada.com\/fr\/wp-json\/wp\/v2\/media\/142188"}],"wp:attachment":[{"href":"https:\/\/www.avenuedesigncanada.com\/fr\/wp-json\/wp\/v2\/media?parent=97824"}],"wp:term":[{"taxonomy":"product_brand","embeddable":true,"href":"https:\/\/www.avenuedesigncanada.com\/fr\/wp-json\/wp\/v2\/product_brand?post=97824"},{"taxonomy":"product_cat","embeddable":true,"href":"https:\/\/www.avenuedesigncanada.com\/fr\/wp-json\/wp\/v2\/product_cat?post=97824"},{"taxonomy":"product_tag","embeddable":true,"href":"https:\/\/www.avenuedesigncanada.com\/fr\/wp-json\/wp\/v2\/product_tag?post=97824"}],"curies":[{"name":"wp","href":"https:\/\/api.w.org\/{rel}","templated":true}]}}