{"id":97854,"date":"2021-06-05T17:42:11","date_gmt":"2021-06-05T21:42:11","guid":{"rendered":"https:\/\/www.avenuedesigncanada.com\/product\/fauteuil-arcadia\/"},"modified":"2026-02-11T15:59:25","modified_gmt":"2026-02-11T20:59:25","slug":"fauteuil-arcadia","status":"publish","type":"product","link":"https:\/\/www.avenuedesigncanada.com\/fr\/product\/fauteuil-arcadia\/","title":{"rendered":"Arcadia Chair"},"content":{"rendered":"<p><em>La chaise Arcadia comprend:<\/em><\/p>\n<p>Coussin de dossier rembourr\u00e9 en poly\/duvet<br \/>\nCoussin d&rsquo;assise \u00e0 \u00e2me en mousse\/rev\u00eatement en m\u00e9lange de duvet<br \/>\nBase en bois<br \/>\nCadre en bois dur<br \/>\nFabriqu\u00e9 au Canada<\/p>\n<p>Options :<br \/>\nChoix de tissu ou de cuir<br \/>\nChoix de couleur de bois<\/p>\n<p>Avez-vous des questions \u00e0 propos de ce produit ?<br \/>\nNos designers sont l\u00e0 pour vous aider.<br \/>\nAppelez-nous au (514) 340-9351<\/p>\n","protected":false},"excerpt":{"rendered":"<p>La chaise Arcadia allie un design intemporel \u00e0 un confort exceptionnel. Son coussin de dossier rembourr\u00e9 de poly\/duvet et son assise en mousse recouverte d&rsquo;un m\u00e9lange de duvet offrent un confort moelleux et un bon soutien, tandis que son \u00e9l\u00e9gant pi\u00e8tement en bois et son cadre robuste en bois massif garantissent une durabilit\u00e9 \u00e0 toute \u00e9preuve. Fi\u00e8rement fabriqu\u00e9e au Canada, elle est enti\u00e8rement personnalisable gr\u00e2ce \u00e0 un choix de tissus ou de cuirs et \u00e0 une s\u00e9lection de finitions en bois, ce qui en fait un ajout polyvalent et raffin\u00e9 \u00e0 tout int\u00e9rieur.  <\/p>\n","protected":false},"featured_media":91196,"template":"","meta":{"_kad_blocks_custom_css":"","_kad_blocks_head_custom_js":"","_kad_blocks_body_custom_js":"","_kad_blocks_footer_custom_js":"","_kad_post_transparent":"","_kad_post_title":"","_kad_post_layout":"","_kad_post_sidebar_id":"","_kad_post_content_style":"","_kad_post_vertical_padding":"","_kad_post_feature":"","_kad_post_feature_position":"","_kad_post_header":false,"_kad_post_footer":false,"_kad_post_classname":""},"product_brand":[],"product_cat":[1965,1320],"product_tag":[1371],"class_list":{"0":"post-97854","1":"product","2":"type-product","3":"status-publish","4":"has-post-thumbnail","6":"product_cat-chaise-sur-mesure","7":"product_cat-fauteuils","8":"product_tag-hkhaju-fr","10":"first","11":"instock","12":"product-type-simple","13":"entry","14":"content-bg","15":"loop-entry"},"taxonomy_info":{"product_cat":[{"value":1965,"label":"Chaise Sur Mesure"},{"value":1320,"label":"Fauteuils"}],"product_tag":[{"value":1371,"label":"HKHAJU"}]},"featured_image_src_large":["https:\/\/www.avenuedesigncanada.com\/wp-content\/uploads\/2021\/02\/Arcadia-Chair-angled-948x1024-1.jpg",948,1024,false],"author_info":[],"comment_info":"","_links":{"self":[{"href":"https:\/\/www.avenuedesigncanada.com\/fr\/wp-json\/wp\/v2\/product\/97854","targetHints":{"allow":["GET"]}}],"collection":[{"href":"https:\/\/www.avenuedesigncanada.com\/fr\/wp-json\/wp\/v2\/product"}],"about":[{"href":"https:\/\/www.avenuedesigncanada.com\/fr\/wp-json\/wp\/v2\/types\/product"}],"wp:featuredmedia":[{"embeddable":true,"href":"https:\/\/www.avenuedesigncanada.com\/fr\/wp-json\/wp\/v2\/media\/91196"}],"wp:attachment":[{"href":"https:\/\/www.avenuedesigncanada.com\/fr\/wp-json\/wp\/v2\/media?parent=97854"}],"wp:term":[{"taxonomy":"product_brand","embeddable":true,"href":"https:\/\/www.avenuedesigncanada.com\/fr\/wp-json\/wp\/v2\/product_brand?post=97854"},{"taxonomy":"product_cat","embeddable":true,"href":"https:\/\/www.avenuedesigncanada.com\/fr\/wp-json\/wp\/v2\/product_cat?post=97854"},{"taxonomy":"product_tag","embeddable":true,"href":"https:\/\/www.avenuedesigncanada.com\/fr\/wp-json\/wp\/v2\/product_tag?post=97854"}],"curies":[{"name":"wp","href":"https:\/\/api.w.org\/{rel}","templated":true}]}}