{"id":97858,"date":"2021-06-05T21:42:11","date_gmt":"2021-06-06T01:42:11","guid":{"rendered":"https:\/\/www.avenuedesigncanada.com\/product\/fauteuil-pivotant-lisa\/"},"modified":"2026-02-11T15:59:25","modified_gmt":"2026-02-11T20:59:25","slug":"fauteuil-pivotant-lisa","status":"publish","type":"product","link":"https:\/\/www.avenuedesigncanada.com\/fr\/product\/fauteuil-pivotant-lisa\/","title":{"rendered":"Lisa Swivel Chair"},"content":{"rendered":"<p><em>La chaise Lisa Chair comprend:<\/em><\/p>\n<p>Base pivotante<br \/>\nCadre en bois massif<br \/>\nFabriqu\u00e9 au Canada<\/p>\n<p>Options<br \/>\nChoix de tissus ou de cuirs<br \/>\nChoix de couleurs de bois<\/p>\n<p>Vous avez des questions sur ce produit ?<br \/>\nNos designers sont l\u00e0 pour vous aider. Appelez-nous au (514) 340-9351.<\/p>\n","protected":false},"excerpt":{"rendered":"<p data-start=\"61\" data-end=\"501\">Con\u00e7ue pour allier style et durabilit\u00e9, cette chaise Lisa est dot\u00e9e d&rsquo;une base pivotante lisse et d&rsquo;un cadre en bois massif pour un soutien durable. Fi\u00e8rement fabriqu\u00e9e au Canada, elle refl\u00e8te un savoir-faire exceptionnel et une attention particuli\u00e8re aux d\u00e9tails. Enti\u00e8rement personnalisable, elle est disponible dans le tissu ou le cuir de votre choix, avec une s\u00e9lection de finitions en bois qui s&rsquo;harmonisent parfaitement \u00e0 votre espace et \u00e0 votre vision du design. Une pi\u00e8ce polyvalente qui allie confort, fonctionnalit\u00e9 et charme intemporel.   <\/p>\n","protected":false},"featured_media":402802,"template":"","meta":{"_kad_blocks_custom_css":"","_kad_blocks_head_custom_js":"","_kad_blocks_body_custom_js":"","_kad_blocks_footer_custom_js":"","_kad_post_transparent":"","_kad_post_title":"","_kad_post_layout":"","_kad_post_sidebar_id":"","_kad_post_content_style":"","_kad_post_vertical_padding":"","_kad_post_feature":"","_kad_post_feature_position":"","_kad_post_header":false,"_kad_post_footer":false,"_kad_post_classname":""},"product_brand":[],"product_cat":[1965,1320],"product_tag":[1371],"class_list":{"0":"post-97858","1":"product","2":"type-product","3":"status-publish","4":"has-post-thumbnail","6":"product_cat-chaise-sur-mesure","7":"product_cat-fauteuils","8":"product_tag-hkhaju-fr","10":"first","11":"instock","12":"product-type-simple","13":"entry","14":"content-bg","15":"loop-entry"},"taxonomy_info":{"product_cat":[{"value":1965,"label":"Chaise Sur Mesure"},{"value":1320,"label":"Fauteuils"}],"product_tag":[{"value":1371,"label":"HKHAJU"}]},"featured_image_src_large":["https:\/\/www.avenuedesigncanada.com\/wp-content\/uploads\/2026\/01\/51-1024x1024.png",1024,1024,true],"author_info":[],"comment_info":"","_links":{"self":[{"href":"https:\/\/www.avenuedesigncanada.com\/fr\/wp-json\/wp\/v2\/product\/97858","targetHints":{"allow":["GET"]}}],"collection":[{"href":"https:\/\/www.avenuedesigncanada.com\/fr\/wp-json\/wp\/v2\/product"}],"about":[{"href":"https:\/\/www.avenuedesigncanada.com\/fr\/wp-json\/wp\/v2\/types\/product"}],"wp:featuredmedia":[{"embeddable":true,"href":"https:\/\/www.avenuedesigncanada.com\/fr\/wp-json\/wp\/v2\/media\/402802"}],"wp:attachment":[{"href":"https:\/\/www.avenuedesigncanada.com\/fr\/wp-json\/wp\/v2\/media?parent=97858"}],"wp:term":[{"taxonomy":"product_brand","embeddable":true,"href":"https:\/\/www.avenuedesigncanada.com\/fr\/wp-json\/wp\/v2\/product_brand?post=97858"},{"taxonomy":"product_cat","embeddable":true,"href":"https:\/\/www.avenuedesigncanada.com\/fr\/wp-json\/wp\/v2\/product_cat?post=97858"},{"taxonomy":"product_tag","embeddable":true,"href":"https:\/\/www.avenuedesigncanada.com\/fr\/wp-json\/wp\/v2\/product_tag?post=97858"}],"curies":[{"name":"wp","href":"https:\/\/api.w.org\/{rel}","templated":true}]}}