{"id":97929,"date":"2021-06-05T21:42:43","date_gmt":"2021-06-06T01:42:43","guid":{"rendered":"https:\/\/www.avenuedesigncanada.com\/product\/phoebe-chest\/"},"modified":"2026-02-11T15:59:27","modified_gmt":"2026-02-11T20:59:27","slug":"phoebe-chest","status":"publish","type":"product","link":"https:\/\/www.avenuedesigncanada.com\/fr\/product\/phoebe-chest\/","title":{"rendered":"Phoebe Chest"},"content":{"rendered":"<p> <em> Le coffre Phoebe pr\u00e9sente les caract\u00e9ristiques suivantes : <\/em><br \/>\nDeux portes avec deux tablettes int\u00e9rieures r\u00e9glables, ferrures et quincaillerie en bronze blanc, portes envelopp\u00e9es de raphia.<\/p>\n<p>Placages Primavera et solides en h\u00eatre<\/p>\n<p class=\"title\">Options :<\/p>\n<p>Stain, Paint, Metallic Paint, Artisan, MIY, Premium Leaf<\/p>\n<p>Vous avez des questions sur ce produit ?<\/p>\n<p>Nos concepteurs sont l\u00e0 pour vous aider. Appelez-nous au (514) 340-9351 <\/p>\n","protected":false},"excerpt":{"rendered":"<p>M\u00e9lange frappant de texture et d&rsquo;artisanat, cette pi\u00e8ce est fabriqu\u00e9e \u00e0 partir de solides de h\u00eatre et de placages Primavera. Ses deux portes sont recouvertes de raphia et dot\u00e9es de ferrures et de quincaillerie en bronze blanc. Elles s&rsquo;ouvrent pour r\u00e9v\u00e9ler deux \u00e9tag\u00e8res int\u00e9rieures r\u00e9glables pour un rangement polyvalent. Enti\u00e8rement personnalisable, il est disponible dans une gamme de finitions.  <\/p>\n","protected":false},"featured_media":91365,"template":"","meta":{"_kad_blocks_custom_css":"","_kad_blocks_head_custom_js":"","_kad_blocks_body_custom_js":"","_kad_blocks_footer_custom_js":"","_kad_post_transparent":"","_kad_post_title":"","_kad_post_layout":"","_kad_post_sidebar_id":"","_kad_post_content_style":"","_kad_post_vertical_padding":"","_kad_post_feature":"","_kad_post_feature_position":"","_kad_post_header":false,"_kad_post_footer":false,"_kad_post_classname":""},"product_brand":[],"product_cat":[1322],"product_tag":[1369],"class_list":{"0":"post-97929","1":"product","2":"type-product","3":"status-publish","4":"has-post-thumbnail","6":"product_cat-meubles-dappoint","7":"product_tag-theodore-fr","9":"first","10":"instock","11":"product-type-simple","12":"entry","13":"content-bg","14":"loop-entry"},"taxonomy_info":{"product_cat":[{"value":1322,"label":"Meubles d'appoint"}],"product_tag":[{"value":1369,"label":"THEODORE"}]},"featured_image_src_large":["https:\/\/www.avenuedesigncanada.com\/wp-content\/uploads\/2021\/02\/P714H_LX-HO-2-1.jpg",1000,1000,false],"author_info":[],"comment_info":"","_links":{"self":[{"href":"https:\/\/www.avenuedesigncanada.com\/fr\/wp-json\/wp\/v2\/product\/97929","targetHints":{"allow":["GET"]}}],"collection":[{"href":"https:\/\/www.avenuedesigncanada.com\/fr\/wp-json\/wp\/v2\/product"}],"about":[{"href":"https:\/\/www.avenuedesigncanada.com\/fr\/wp-json\/wp\/v2\/types\/product"}],"wp:featuredmedia":[{"embeddable":true,"href":"https:\/\/www.avenuedesigncanada.com\/fr\/wp-json\/wp\/v2\/media\/91365"}],"wp:attachment":[{"href":"https:\/\/www.avenuedesigncanada.com\/fr\/wp-json\/wp\/v2\/media?parent=97929"}],"wp:term":[{"taxonomy":"product_brand","embeddable":true,"href":"https:\/\/www.avenuedesigncanada.com\/fr\/wp-json\/wp\/v2\/product_brand?post=97929"},{"taxonomy":"product_cat","embeddable":true,"href":"https:\/\/www.avenuedesigncanada.com\/fr\/wp-json\/wp\/v2\/product_cat?post=97929"},{"taxonomy":"product_tag","embeddable":true,"href":"https:\/\/www.avenuedesigncanada.com\/fr\/wp-json\/wp\/v2\/product_tag?post=97929"}],"curies":[{"name":"wp","href":"https:\/\/api.w.org\/{rel}","templated":true}]}}