{"id":97941,"date":"2021-06-05T17:42:43","date_gmt":"2021-06-05T21:42:43","guid":{"rendered":"https:\/\/www.avenuedesigncanada.com\/product\/dune-dresser\/"},"modified":"2026-02-11T15:59:27","modified_gmt":"2026-02-11T20:59:27","slug":"dune-dresser","status":"publish","type":"product","link":"https:\/\/www.avenuedesigncanada.com\/fr\/product\/dune-dresser\/","title":{"rendered":"Dune Dresser"},"content":{"rendered":"<p><em>La commode Dune pr\u00e9sente les caract\u00e9ristiques suivantes :<\/em><br \/>\nNeuf tiroirs avec des poign\u00e9es \u00e0 rainure digitale et des ferrules en bronze blanc, avec des faces en noyer blanchi. Disponible en plusieurs finitions et options de quincaillerie, y compris sans quincaillerie, avec des poign\u00e9es envelopp\u00e9es d&rsquo;Abaca ou des poign\u00e9es m\u00e9talliques en bronze blanc. <\/p>\n<p>Vous avez des questions sur ce produit ?<br \/>\nNos concepteurs sont l\u00e0 pour vous aider.<br \/>\nAppelez-nous au (514) 340-9351<\/p>\n","protected":false},"excerpt":{"rendered":"<p>La commode Dune apporte une \u00e9l\u00e9gance d\u00e9contract\u00e9e avec ses faces de tiroirs en noyer blanchi et ses poign\u00e9es \u00e0 rainures \u00e9pur\u00e9es. Les accents de bronze blanc ajoutent un doux contraste m\u00e9tallique, donnant \u00e0 la pi\u00e8ce une pr\u00e9sence chaleureuse et moderne qui s&rsquo;int\u00e8gre sans effort dans les int\u00e9rieurs raffin\u00e9s. <\/p>\n","protected":false},"featured_media":91399,"template":"","meta":{"_kad_blocks_custom_css":"","_kad_blocks_head_custom_js":"","_kad_blocks_body_custom_js":"","_kad_blocks_footer_custom_js":"","_kad_post_transparent":"","_kad_post_title":"","_kad_post_layout":"","_kad_post_sidebar_id":"","_kad_post_content_style":"","_kad_post_vertical_padding":"","_kad_post_feature":"","_kad_post_feature_position":"","_kad_post_header":false,"_kad_post_footer":false,"_kad_post_classname":""},"product_brand":[],"product_cat":[1298],"product_tag":[1369],"class_list":{"0":"post-97941","1":"product","2":"type-product","3":"status-publish","4":"has-post-thumbnail","6":"product_cat-commodes","7":"product_tag-theodore-fr","9":"first","10":"instock","11":"product-type-simple","12":"entry","13":"content-bg","14":"loop-entry"},"taxonomy_info":{"product_cat":[{"value":1298,"label":"Commodes"}],"product_tag":[{"value":1369,"label":"THEODORE"}]},"featured_image_src_large":["https:\/\/www.avenuedesigncanada.com\/wp-content\/uploads\/2021\/02\/P801D-UC-HO-2-1.jpg",1000,1000,false],"author_info":[],"comment_info":"","_links":{"self":[{"href":"https:\/\/www.avenuedesigncanada.com\/fr\/wp-json\/wp\/v2\/product\/97941","targetHints":{"allow":["GET"]}}],"collection":[{"href":"https:\/\/www.avenuedesigncanada.com\/fr\/wp-json\/wp\/v2\/product"}],"about":[{"href":"https:\/\/www.avenuedesigncanada.com\/fr\/wp-json\/wp\/v2\/types\/product"}],"wp:featuredmedia":[{"embeddable":true,"href":"https:\/\/www.avenuedesigncanada.com\/fr\/wp-json\/wp\/v2\/media\/91399"}],"wp:attachment":[{"href":"https:\/\/www.avenuedesigncanada.com\/fr\/wp-json\/wp\/v2\/media?parent=97941"}],"wp:term":[{"taxonomy":"product_brand","embeddable":true,"href":"https:\/\/www.avenuedesigncanada.com\/fr\/wp-json\/wp\/v2\/product_brand?post=97941"},{"taxonomy":"product_cat","embeddable":true,"href":"https:\/\/www.avenuedesigncanada.com\/fr\/wp-json\/wp\/v2\/product_cat?post=97941"},{"taxonomy":"product_tag","embeddable":true,"href":"https:\/\/www.avenuedesigncanada.com\/fr\/wp-json\/wp\/v2\/product_tag?post=97941"}],"curies":[{"name":"wp","href":"https:\/\/api.w.org\/{rel}","templated":true}]}}