{"id":97949,"date":"2021-06-05T17:42:43","date_gmt":"2021-06-05T21:42:43","guid":{"rendered":"https:\/\/www.avenuedesigncanada.com\/product\/table-de-chevet-dune-2\/"},"modified":"2026-02-11T15:59:28","modified_gmt":"2026-02-11T20:59:28","slug":"table-de-chevet-dune-2","status":"publish","type":"product","link":"https:\/\/www.avenuedesigncanada.com\/fr\/product\/table-de-chevet-dune-2\/","title":{"rendered":"Dune Nightstand"},"content":{"rendered":"<p><em>La table de nuit Dune pr\u00e9sente les caract\u00e9ristiques suivantes :<\/em><br \/>\nTrois tiroirs avec poign\u00e9es \u00e0 rainures<br \/>\nBagues en bronze blanc<br \/>\nFaces envelopp\u00e9es de Lampacanay<br \/>\nDisponible en plusieurs finitions<br \/>\nTel qu&rsquo;illustr\u00e9 : Manchette fran\u00e7aise avec faces envelopp\u00e9es de Lampacanay<\/p>\n<p>Avez-vous des questions \u00e0 propos de ce produit ? Nos designers sont l\u00e0 pour vous aider.  Appelez-nous au (514) 340-9351<\/p>\n","protected":false},"excerpt":{"rendered":"<p>Cette table de nuit Dune pr\u00e9sente trois tiroirs avec des poign\u00e9es \u00e0 rainures, des ferrules en bronze blanc et des faces de tiroirs envelopp\u00e9es de Lampacanay. Disponible en plusieurs finitions et montr\u00e9e en French Cuff, elle offre un look artisanal magnifiquement textur\u00e9 avec un attrait d\u00e9contract\u00e9 mais raffin\u00e9. <\/p>\n","protected":false},"featured_media":91423,"template":"","meta":{"_kad_blocks_custom_css":"","_kad_blocks_head_custom_js":"","_kad_blocks_body_custom_js":"","_kad_blocks_footer_custom_js":"","_kad_post_transparent":"","_kad_post_title":"","_kad_post_layout":"","_kad_post_sidebar_id":"","_kad_post_content_style":"","_kad_post_vertical_padding":"","_kad_post_feature":"","_kad_post_feature_position":"","_kad_post_header":false,"_kad_post_footer":false,"_kad_post_classname":""},"product_brand":[],"product_cat":[1299],"product_tag":[1369],"class_list":{"0":"post-97949","1":"product","2":"type-product","3":"status-publish","4":"has-post-thumbnail","6":"product_cat-tables-de-nuit","7":"product_tag-theodore-fr","9":"first","10":"instock","11":"product-type-simple","12":"entry","13":"content-bg","14":"loop-entry"},"taxonomy_info":{"product_cat":[{"value":1299,"label":"Tables de chevet"}],"product_tag":[{"value":1369,"label":"THEODORE"}]},"featured_image_src_large":["https:\/\/www.avenuedesigncanada.com\/wp-content\/uploads\/2021\/02\/P805L-UV-HO-2-1.jpg",1000,1000,false],"author_info":[],"comment_info":"","_links":{"self":[{"href":"https:\/\/www.avenuedesigncanada.com\/fr\/wp-json\/wp\/v2\/product\/97949","targetHints":{"allow":["GET"]}}],"collection":[{"href":"https:\/\/www.avenuedesigncanada.com\/fr\/wp-json\/wp\/v2\/product"}],"about":[{"href":"https:\/\/www.avenuedesigncanada.com\/fr\/wp-json\/wp\/v2\/types\/product"}],"wp:featuredmedia":[{"embeddable":true,"href":"https:\/\/www.avenuedesigncanada.com\/fr\/wp-json\/wp\/v2\/media\/91423"}],"wp:attachment":[{"href":"https:\/\/www.avenuedesigncanada.com\/fr\/wp-json\/wp\/v2\/media?parent=97949"}],"wp:term":[{"taxonomy":"product_brand","embeddable":true,"href":"https:\/\/www.avenuedesigncanada.com\/fr\/wp-json\/wp\/v2\/product_brand?post=97949"},{"taxonomy":"product_cat","embeddable":true,"href":"https:\/\/www.avenuedesigncanada.com\/fr\/wp-json\/wp\/v2\/product_cat?post=97949"},{"taxonomy":"product_tag","embeddable":true,"href":"https:\/\/www.avenuedesigncanada.com\/fr\/wp-json\/wp\/v2\/product_tag?post=97949"}],"curies":[{"name":"wp","href":"https:\/\/api.w.org\/{rel}","templated":true}]}}