{"id":97955,"date":"2021-06-05T17:42:43","date_gmt":"2021-06-05T21:42:43","guid":{"rendered":"https:\/\/www.avenuedesigncanada.com\/product\/table-de-chevet-dune-3\/"},"modified":"2026-02-11T15:59:29","modified_gmt":"2026-02-11T20:59:29","slug":"table-de-chevet-dune-3","status":"publish","type":"product","link":"https:\/\/www.avenuedesigncanada.com\/fr\/product\/table-de-chevet-dune-3\/","title":{"rendered":"Dune Nightstand"},"content":{"rendered":"<p><em>La table de nuit Dune pr\u00e9sente les caract\u00e9ristiques suivantes :<\/em><br \/>\nUn tiroir avec face en noyer blanchi<br \/>\nUne \u00e9tag\u00e8re<br \/>\nPoign\u00e9es envelopp\u00e9es d&rsquo;abaca<br \/>\nBagues en bronze blanc<br \/>\nDisponible en plusieurs finitions<br \/>\nTel qu&rsquo;illustr\u00e9 : Enrob\u00e9 de sucre avec poign\u00e9es en corde d&rsquo;Abaca<\/p>\n<p>Avez-vous des questions \u00e0 propos de ce produit ? Nos designers sont l\u00e0 pour vous aider.  Appelez-nous au (514) 340-9351<\/p>\n","protected":false},"excerpt":{"rendered":"<p>Cette table de nuit Dune combine un tiroir en noyer blanchi avec une \u00e9tag\u00e8re ouverte en dessous, accentu\u00e9e par des poign\u00e9es envelopp\u00e9es d&rsquo;abaca et des ferrules en bronze blanc. Disponible en plusieurs finitions et pr\u00e9sent\u00e9e en Sugar Coat, elle allie texture naturelle et rangement pratique. <\/p>\n","protected":false},"featured_media":91432,"template":"","meta":{"_kad_blocks_custom_css":"","_kad_blocks_head_custom_js":"","_kad_blocks_body_custom_js":"","_kad_blocks_footer_custom_js":"","_kad_post_transparent":"","_kad_post_title":"","_kad_post_layout":"","_kad_post_sidebar_id":"","_kad_post_content_style":"","_kad_post_vertical_padding":"","_kad_post_feature":"","_kad_post_feature_position":"","_kad_post_header":false,"_kad_post_footer":false,"_kad_post_classname":""},"product_brand":[],"product_cat":[1299],"product_tag":[1369],"class_list":{"0":"post-97955","1":"product","2":"type-product","3":"status-publish","4":"has-post-thumbnail","6":"product_cat-tables-de-nuit","7":"product_tag-theodore-fr","9":"first","10":"instock","11":"product-type-simple","12":"entry","13":"content-bg","14":"loop-entry"},"taxonomy_info":{"product_cat":[{"value":1299,"label":"Tables de chevet"}],"product_tag":[{"value":1369,"label":"THEODORE"}]},"featured_image_src_large":["https:\/\/www.avenuedesigncanada.com\/wp-content\/uploads\/2021\/02\/P806E-UC-HO-2-1.jpg",1000,1000,false],"author_info":[],"comment_info":"","_links":{"self":[{"href":"https:\/\/www.avenuedesigncanada.com\/fr\/wp-json\/wp\/v2\/product\/97955","targetHints":{"allow":["GET"]}}],"collection":[{"href":"https:\/\/www.avenuedesigncanada.com\/fr\/wp-json\/wp\/v2\/product"}],"about":[{"href":"https:\/\/www.avenuedesigncanada.com\/fr\/wp-json\/wp\/v2\/types\/product"}],"wp:featuredmedia":[{"embeddable":true,"href":"https:\/\/www.avenuedesigncanada.com\/fr\/wp-json\/wp\/v2\/media\/91432"}],"wp:attachment":[{"href":"https:\/\/www.avenuedesigncanada.com\/fr\/wp-json\/wp\/v2\/media?parent=97955"}],"wp:term":[{"taxonomy":"product_brand","embeddable":true,"href":"https:\/\/www.avenuedesigncanada.com\/fr\/wp-json\/wp\/v2\/product_brand?post=97955"},{"taxonomy":"product_cat","embeddable":true,"href":"https:\/\/www.avenuedesigncanada.com\/fr\/wp-json\/wp\/v2\/product_cat?post=97955"},{"taxonomy":"product_tag","embeddable":true,"href":"https:\/\/www.avenuedesigncanada.com\/fr\/wp-json\/wp\/v2\/product_tag?post=97955"}],"curies":[{"name":"wp","href":"https:\/\/api.w.org\/{rel}","templated":true}]}}