{"id":97961,"date":"2021-06-05T21:42:43","date_gmt":"2021-06-06T01:42:43","guid":{"rendered":"https:\/\/www.avenuedesigncanada.com\/product\/buffet-dune\/"},"modified":"2026-02-11T15:59:29","modified_gmt":"2026-02-11T20:59:29","slug":"buffet-dune","status":"publish","type":"product","link":"https:\/\/www.avenuedesigncanada.com\/fr\/product\/buffet-dune\/","title":{"rendered":"Dune Buffet"},"content":{"rendered":"<p><em>Le buffet Dune pr\u00e9sente les caract\u00e9ristiques suivantes :<\/em><br \/>\nDeux portes avec une \u00e9tag\u00e8re r\u00e9glable derri\u00e8re chacune d&rsquo;elles<br \/>\nTrois tiroirs<br \/>\nOuverture pour la gestion du cordon derri\u00e8re chaque porte<br \/>\nBagues en bronze blanc<br \/>\nFa\u00e7ades en noyer blanchi avec poign\u00e9es en m\u00e9tal en bronze blanc<br \/>\nDisponible dans de nombreuses options de finitions et de fa\u00e7ades.<\/p>\n<p>Vous avez des questions sur ce produit ? Nos concepteurs sont l\u00e0 pour vous aider. Appelez-nous au (514) 340-9351  <\/p>\n","protected":false},"excerpt":{"rendered":"<p>Le buffet Dune pr\u00e9sente un design \u00e9pur\u00e9 et moderne avec des faces en noyer blanchi et des poign\u00e9es en m\u00e9tal bronze blanc. Deux portes s&rsquo;ouvrent pour r\u00e9v\u00e9ler des \u00e9tag\u00e8res r\u00e9glables, tandis que trois tiroirs offrent un rangement organis\u00e9. La gestion astucieuse des cordons derri\u00e8re chaque porte rend ce buffet id\u00e9al pour les espaces m\u00e9dias ou les salles \u00e0 manger, et les multiples options de finitions et de faces permettent un look personnalis\u00e9.  <\/p>\n","protected":false},"featured_media":91449,"template":"","meta":{"_kad_blocks_custom_css":"","_kad_blocks_head_custom_js":"","_kad_blocks_body_custom_js":"","_kad_blocks_footer_custom_js":"","_kad_post_transparent":"","_kad_post_title":"","_kad_post_layout":"","_kad_post_sidebar_id":"","_kad_post_content_style":"","_kad_post_vertical_padding":"","_kad_post_feature":"","_kad_post_feature_position":"","_kad_post_header":false,"_kad_post_footer":false,"_kad_post_classname":""},"product_brand":[],"product_cat":[1303],"product_tag":[1369],"class_list":{"0":"post-97961","1":"product","2":"type-product","3":"status-publish","4":"has-post-thumbnail","6":"product_cat-buffets","7":"product_tag-theodore-fr","9":"first","10":"instock","11":"product-type-simple","12":"entry","13":"content-bg","14":"loop-entry"},"taxonomy_info":{"product_cat":[{"value":1303,"label":"Buffets"}],"product_tag":[{"value":1369,"label":"THEODORE"}]},"featured_image_src_large":["https:\/\/www.avenuedesigncanada.com\/wp-content\/uploads\/2021\/02\/P806B_UW-HO-2-1.jpg",1000,1000,false],"author_info":[],"comment_info":"","_links":{"self":[{"href":"https:\/\/www.avenuedesigncanada.com\/fr\/wp-json\/wp\/v2\/product\/97961","targetHints":{"allow":["GET"]}}],"collection":[{"href":"https:\/\/www.avenuedesigncanada.com\/fr\/wp-json\/wp\/v2\/product"}],"about":[{"href":"https:\/\/www.avenuedesigncanada.com\/fr\/wp-json\/wp\/v2\/types\/product"}],"wp:featuredmedia":[{"embeddable":true,"href":"https:\/\/www.avenuedesigncanada.com\/fr\/wp-json\/wp\/v2\/media\/91449"}],"wp:attachment":[{"href":"https:\/\/www.avenuedesigncanada.com\/fr\/wp-json\/wp\/v2\/media?parent=97961"}],"wp:term":[{"taxonomy":"product_brand","embeddable":true,"href":"https:\/\/www.avenuedesigncanada.com\/fr\/wp-json\/wp\/v2\/product_brand?post=97961"},{"taxonomy":"product_cat","embeddable":true,"href":"https:\/\/www.avenuedesigncanada.com\/fr\/wp-json\/wp\/v2\/product_cat?post=97961"},{"taxonomy":"product_tag","embeddable":true,"href":"https:\/\/www.avenuedesigncanada.com\/fr\/wp-json\/wp\/v2\/product_tag?post=97961"}],"curies":[{"name":"wp","href":"https:\/\/api.w.org\/{rel}","templated":true}]}}