{"id":98396,"date":"2021-06-05T17:46:05","date_gmt":"2021-06-05T21:46:05","guid":{"rendered":"https:\/\/www.avenuedesigncanada.com\/product\/maxim-swivel-chair-copy\/"},"modified":"2026-02-11T15:59:31","modified_gmt":"2026-02-11T20:59:31","slug":"maxim-swivel-chair-copy","status":"publish","type":"product","link":"https:\/\/www.avenuedesigncanada.com\/fr\/product\/maxim-swivel-chair-copy\/","title":{"rendered":"Maxim Swivel Chair"},"content":{"rendered":"<p><em>La Chaise Maxim Swivel comprend:<\/em><\/p>\n<p>Base pivotante<br \/>\nCadre en bois massif<br \/>\nFabriqu\u00e9 au Canada<\/p>\n<p>Options<br \/>\nChoix de tissus ou de cuirs<\/p>\n<p>Vous avez des questions sur ce produit ?<br \/>Nos designers sont l\u00e0 pour vous aider.<br \/>Appelez-nous au (514) 340-9351<\/p>\n","protected":false},"excerpt":{"rendered":"<p>La chaise pivotante Maxim allie un style \u00e9pur\u00e9 \u00e0 un confort quotidien. Dot\u00e9e d&rsquo;une base pivotante fluide et d&rsquo;un cadre en bois dur durable, elle offre \u00e0 la fois fonctionnalit\u00e9 et qualit\u00e9 durable. Fi\u00e8rement fabriqu\u00e9e au Canada, cette chaise est enti\u00e8rement personnalisable avec le tissu ou le cuir de votre choix, ce qui en fait un ajout polyvalent et raffin\u00e9 \u00e0 tout espace de vie.  <\/p>\n","protected":false},"featured_media":402808,"template":"","meta":{"_kad_blocks_custom_css":"","_kad_blocks_head_custom_js":"","_kad_blocks_body_custom_js":"","_kad_blocks_footer_custom_js":"","_kad_post_transparent":"","_kad_post_title":"","_kad_post_layout":"","_kad_post_sidebar_id":"","_kad_post_content_style":"","_kad_post_vertical_padding":"","_kad_post_feature":"","_kad_post_feature_position":"","_kad_post_header":false,"_kad_post_footer":false,"_kad_post_classname":""},"product_brand":[],"product_cat":[1965,1320],"product_tag":[1371],"class_list":{"0":"post-98396","1":"product","2":"type-product","3":"status-publish","4":"has-post-thumbnail","6":"product_cat-chaise-sur-mesure","7":"product_cat-fauteuils","8":"product_tag-hkhaju-fr","10":"first","11":"instock","12":"product-type-simple","13":"entry","14":"content-bg","15":"loop-entry"},"taxonomy_info":{"product_cat":[{"value":1965,"label":"Chaise Sur Mesure"},{"value":1320,"label":"Fauteuils"}],"product_tag":[{"value":1371,"label":"HKHAJU"}]},"featured_image_src_large":["https:\/\/www.avenuedesigncanada.com\/wp-content\/uploads\/2026\/01\/54-1024x1024.png",1024,1024,true],"author_info":[],"comment_info":"","_links":{"self":[{"href":"https:\/\/www.avenuedesigncanada.com\/fr\/wp-json\/wp\/v2\/product\/98396","targetHints":{"allow":["GET"]}}],"collection":[{"href":"https:\/\/www.avenuedesigncanada.com\/fr\/wp-json\/wp\/v2\/product"}],"about":[{"href":"https:\/\/www.avenuedesigncanada.com\/fr\/wp-json\/wp\/v2\/types\/product"}],"wp:featuredmedia":[{"embeddable":true,"href":"https:\/\/www.avenuedesigncanada.com\/fr\/wp-json\/wp\/v2\/media\/402808"}],"wp:attachment":[{"href":"https:\/\/www.avenuedesigncanada.com\/fr\/wp-json\/wp\/v2\/media?parent=98396"}],"wp:term":[{"taxonomy":"product_brand","embeddable":true,"href":"https:\/\/www.avenuedesigncanada.com\/fr\/wp-json\/wp\/v2\/product_brand?post=98396"},{"taxonomy":"product_cat","embeddable":true,"href":"https:\/\/www.avenuedesigncanada.com\/fr\/wp-json\/wp\/v2\/product_cat?post=98396"},{"taxonomy":"product_tag","embeddable":true,"href":"https:\/\/www.avenuedesigncanada.com\/fr\/wp-json\/wp\/v2\/product_tag?post=98396"}],"curies":[{"name":"wp","href":"https:\/\/api.w.org\/{rel}","templated":true}]}}